{"id":857,"date":"2023-12-04T20:34:56","date_gmt":"2023-12-04T20:34:56","guid":{"rendered":"https:\/\/alternativeloans.ca\/conditions-et-services\/"},"modified":"2024-09-10T17:36:12","modified_gmt":"2024-09-10T17:36:12","slug":"conditions-et-services","status":"publish","type":"page","link":"https:\/\/alternativeloans.ca\/fr\/conditions-et-services\/","title":{"rendered":"Conditions et services"},"content":{"rendered":"<p>[et_pb_section fb_built=\u00a0\u00bb1&Prime; admin_label=\u00a0\u00bbHeader\u00a0\u00bb _builder_version=\u00a0\u00bb4.20.0&Prime; _module_preset=\u00a0\u00bbdefault\u00a0\u00bb background_color=\u00a0\u00bbgcid-1b4a3854-7b44-49f6-922e-e1ac36476373&Prime; collapsed=\u00a0\u00bbon\u00a0\u00bb global_colors_info=\u00a0\u00bb{%22gcid-1b4a3854-7b44-49f6-922e-e1ac36476373%22:%91%22background_color%22%93}\u00a0\u00bb theme_builder_area=\u00a0\u00bbpost_content\u00a0\u00bb][et_pb_row _builder_version=\u00a0\u00bb4.23.1&Prime; _module_preset=\u00a0\u00bbdefault\u00a0\u00bb global_colors_info=\u00a0\u00bb{}\u00a0\u00bb theme_builder_area=\u00a0\u00bbpost_content\u00a0\u00bb][et_pb_column type=\u00a0\u00bb4_4&Prime; _builder_version=\u00a0\u00bb4.20.0&Prime; _module_preset=\u00a0\u00bbdefault\u00a0\u00bb global_colors_info=\u00a0\u00bb{}\u00a0\u00bb theme_builder_area=\u00a0\u00bbpost_content\u00a0\u00bb][et_pb_text _builder_version=\u00a0\u00bb4.23.1&Prime; _module_preset=\u00a0\u00bb4cdafb5f-bc56-45a2-be55-b0e8bce54d41&Prime; header_text_color=\u00a0\u00bb#FFFFFF\u00a0\u00bb custom_margin=\u00a0\u00bb||10px||false|false\u00a0\u00bb hover_enabled=\u00a0\u00bb0&Prime; global_colors_info=\u00a0\u00bb{}\u00a0\u00bb theme_builder_area=\u00a0\u00bbpost_content\u00a0\u00bb sticky_enabled=\u00a0\u00bb0&Prime;]<\/p>\n<h1>Conditions et services<\/h1>\n<p>[\/et_pb_text][et_pb_text _builder_version=\u00a0\u00bb4.23.1&Prime; _module_preset=\u00a0\u00bb948ad26f-41e0-4b4e-9100-da7cd62ad74b\u00a0\u00bb text_text_color=\u00a0\u00bbrgba(255,255,255,0.7)\u00a0\u00bb hover_enabled=\u00a0\u00bb0&Prime; global_colors_info=\u00a0\u00bb{}\u00a0\u00bb theme_builder_area=\u00a0\u00bbpost_content\u00a0\u00bb sticky_enabled=\u00a0\u00bb0&Prime;]<\/p>\n<p>**Termes et conditions &#8211; Contrat de pr\u00eat personnel**<\/p>\n<p>**1.<br \/>\nIntroduction:**<br \/>Welcome to Alternative Loans, your trusted financial partner.<br \/>\nThese Terms and Conditions outline the agreement between you and Alternative Loans regarding the use of our personal loan services.<br \/>\nBy accessing our services, you agree to abide by these terms.   <\/p>\n<p>**2.<br \/>\nEligibility:**<br \/>To qualify for a personal loan with Alternative Loans, you must be at least 18 years old and meet our creditworthiness criteria.<br \/>\nWe reserve the right to modify eligibility requirements at our discretion.  <\/p>\n<p>**3.<br \/>\nLoan Application:**<br \/>Completing the loan application accurately and honestly is crucial.<br \/>\nAny misrepresentation may result in the rejection of your application.<br \/>\nBy submitting your application, you authorize us to verify the information provided.   <\/p>\n<p>**4.<br \/>\nLoan Approval and Disbursement:**<br \/>Loan approval is subject to our assessment of your creditworthiness and compliance with our lending criteria.<br \/>\nUpon approval, funds will be disbursed according to the agreed-upon terms.  <\/p>\n<p>**5.<br \/>\nInterest Rates and Fees:**<br \/>Interest rates and fees will be clearly communicated to you during the application process.<br \/>\nThe rates may vary based on your credit score and other relevant factors.<br \/>\nIt is your responsibility to understand and agree to the terms before accepting the loan.   <\/p>\n<p>**6.<br \/>\nRepayment Terms:**<br \/>Repayment terms, including the installment amount, due dates, and any associated fees, will be outlined in your loan agreement.<br \/>\nFailure to meet these terms may result in additional charges and negatively impact your credit score.  <\/p>\n<p>**7.<br \/>\nEarly Repayment:**<br \/>You have the option to repay your loan early without incurring prepayment penalties.<br \/>\nEarly repayment can result in interest savings, and you can contact us for assistance in understanding the process.  <\/p>\n<p>**8.<br \/>\nDefault and Consequences:**<br \/>If you default on your loan, Alternative Loans reserves the right to take appropriate legal action to recover the outstanding amount.<br \/>\nDefaulting may also negatively affect your credit score.  <\/p>\n<p>**9.<br \/>\nPrivacy and Data Security:**<br \/>We take the security of your personal information seriously.<br \/>\nPlease refer to our Privacy Policy to understand how we collect, use, and protect your data.  <\/p>\n<p>**10.<br \/>\nAmendments:**<br \/>Alternative Loans reserves the right to update these Terms and Conditions at any time.<br \/>\nWe will notify you of any changes, and continued use of our services implies your acceptance of the modified terms.  <\/p>\n<p>**11.<br \/>\nContact Information:**<br \/>For questions, concerns, or assistance, please contact our customer support at info@alternativeloans.ca <\/p>\n<p>En utilisant nos services de pr\u00eat personnel, vous reconnaissez avoir lu, compris et accept\u00e9 ces conditions g\u00e9n\u00e9rales.<br \/>\nNous vous remercions d&rsquo;avoir choisi Alternative Loans pour vos besoins financiers. <\/p>\n<p>[\/et_pb_text][\/et_pb_column][\/et_pb_row][\/et_pb_section]<\/p>\n","protected":false},"excerpt":{"rendered":"<p>Conditions et services**Termes et conditions &#8211; Contrat de pr\u00eat personnel** **1. Introduction:**Welcome to Alternative Loans, your trusted financial partner. These Terms and Conditions outline the agreement between you and Alternative Loans regarding the use of our personal loan services. By accessing our services, you agree to abide by these terms. **2. Eligibility:**To qualify for a [&hellip;]<\/p>\n","protected":false},"author":1,"featured_media":0,"parent":0,"menu_order":0,"comment_status":"closed","ping_status":"closed","template":"","meta":{"_et_pb_use_builder":"on","_et_pb_old_content":"","_et_gb_content_width":"","_coblocks_attr":"","_coblocks_dimensions":"","_coblocks_responsive_height":"","_coblocks_accordion_ie_support":"","footnotes":""},"class_list":["post-857","page","type-page","status-publish","hentry"],"_links":{"self":[{"href":"https:\/\/alternativeloans.ca\/fr\/wp-json\/wp\/v2\/pages\/857","targetHints":{"allow":["GET"]}}],"collection":[{"href":"https:\/\/alternativeloans.ca\/fr\/wp-json\/wp\/v2\/pages"}],"about":[{"href":"https:\/\/alternativeloans.ca\/fr\/wp-json\/wp\/v2\/types\/page"}],"author":[{"embeddable":true,"href":"https:\/\/alternativeloans.ca\/fr\/wp-json\/wp\/v2\/users\/1"}],"replies":[{"embeddable":true,"href":"https:\/\/alternativeloans.ca\/fr\/wp-json\/wp\/v2\/comments?post=857"}],"version-history":[{"count":2,"href":"https:\/\/alternativeloans.ca\/fr\/wp-json\/wp\/v2\/pages\/857\/revisions"}],"predecessor-version":[{"id":859,"href":"https:\/\/alternativeloans.ca\/fr\/wp-json\/wp\/v2\/pages\/857\/revisions\/859"}],"wp:attachment":[{"href":"https:\/\/alternativeloans.ca\/fr\/wp-json\/wp\/v2\/media?parent=857"}],"curies":[{"name":"wp","href":"https:\/\/api.w.org\/{rel}","templated":true}]}}